{"id":31,"date":"2019-01-01T21:24:02","date_gmt":"2019-01-01T20:24:02","guid":{"rendered":"https:\/\/innomed-patient.com\/?page_id=31"},"modified":"2025-09-15T20:41:11","modified_gmt":"2025-09-15T18:41:11","slug":"innomed-2","status":"publish","type":"page","link":"https:\/\/innomed-patient.com\/index.php\/innomed-2\/","title":{"rendered":"Innomed"},"content":{"rendered":"<div class=\"wpb-content-wrapper\"><p>[vc_row][vc_column css=\u00a0\u00bb.vc_custom_1757956589913{padding-right: 50px !important;padding-left: 50px !important;}\u00a0\u00bb][vc_single_image image=\u00a0\u00bb461&Prime; img_size=\u00a0\u00bbfull\u00a0\u00bb alignment=\u00a0\u00bbcenter\u00a0\u00bb css=\u00a0\u00bb\u00a0\u00bb][vc_column_text]<\/p>\n<p style=\"text-align: justify;\">Aujourd\u2019hui notre syst\u00e8me de sant\u00e9 favorise la prise en charge \u00e0 domicile des pathologies respiratoires et de l\u2019apn\u00e9e du sommeil.<br \/>\nFort d\u2019une expertise dans ces domaines INNOMED organise cette prise en charge dans un soucis qualitatif et de confort pour le patient avec toutes les derni\u00e8res avanc\u00e9es technologiques en terme de mat\u00e9riel m\u00e9dical.<\/p>\n<p style=\"text-align: justify;\">Cr\u00e9\u00e9e en 2018, la soci\u00e9t\u00e9 INNOMED dispose d\u2019une \u00e9quipe d\u2019experts et de techniciens se d\u00e9pla\u00e7ant au domicile du patient pour mettre en place les dispositifs respiratoires prescrits par le corps m\u00e9dical. Notre \u00e9quipe d\u00e9ploie sans cesse son \u00e9nergie et sa disponibilit\u00e9 pour optimiser la prestation m\u00e9dicale propos\u00e9e dans une d\u00e9marche permanente d\u2019optimisation th\u00e9rapeutique.<br \/>\nLa satisfaction du patient ainsi que sa qualit\u00e9 de vie et l\u2019efficacit\u00e9 du traitement est la plus grande responsabilit\u00e9 que nous confie le m\u00e9decin.<\/p>\n<p style=\"text-align: justify;\"><strong><span style=\"color: #448dce;\">NOS ENJEUX QUOTIDIENS SONT :<\/span><\/strong><\/p>\n<p style=\"text-align: justify;\"><strong>1) L&rsquo;\u00e9ducation th\u00e9rapeutique du patient :<\/strong><br \/>\nL\u2019assistance respiratoire est souvent une pathologie de longue dur\u00e9e. Il faut donc sans cesse appuyer le traitement dans son acceptation par le patient.<br \/>\nProposer des solutions th\u00e9rapeutiques qui am\u00e9liorent la sant\u00e9 de chacun de ses patients est un combat de tous les jours pour INNOMED.<br \/>\nMais avant tout, cela passe par une bonne compr\u00e9hension du traitement prescrit par le m\u00e9decin.<br \/>\nNotre \u00e9quipe technique, b\u00e9n\u00e9ficiant d\u2019une formation continue constante, r\u00e9pond ainsi \u00e0 toutes les questions d\u2019ordre technique et informe d\u00e8s le premier rendez-vous des cons\u00e9quences et risques en termes de sant\u00e9 du non-respect de la prescription m\u00e9dicale.<br \/>\nLe principe de fonctionnement est expliqu\u00e9 \u00e0 travers une succession de film et d\u2019animations permettant au patient d\u2019avoir une compr\u00e9hension facilit\u00e9e. Nous nous effor\u00e7ons toujours de faire participer l\u2019entourage proche de mani\u00e8re \u00e0 ce qu\u2019il s\u2019implique aussi et appuie l\u2019adh\u00e9sion du patient dans son traitement.<\/p>\n<p style=\"text-align: justify;\"><strong>2) Un relationnel patient personnalis\u00e9 :<\/strong><br \/>\nChaque patient dispose d\u2019un technicien r\u00e9f\u00e9rent. Cette organisation permet au patient de n\u2019avoir \u00e0 faire qu\u2019\u00e0 un seul interlocuteur et ainsi de fonder un relationnel simple clair et de confiance avec INNOMED. La mise en confiance du patient est un pilier fondamental de son adh\u00e9sion<\/p>\n<p style=\"text-align: justify;\"><strong>3) Des appareils de derni\u00e8re g\u00e9n\u00e9ration :<\/strong><br \/>\nC\u2019est le c\u0153ur de notre prise en charge. La soci\u00e9t\u00e9 INNOMED ne dispose que des derni\u00e8res g\u00e9n\u00e9rations de machines et de masques s\u00e9lectionn\u00e9s sur une base qualitative.<br \/>\nNous nous tenons sans cesse au courant des avanc\u00e9es technologiques en mati\u00e8re d\u2019assistance respiratoires pour proposer au patient les appareils les plus avanc\u00e9s et les plus confortables. Le but \u00e9tant d\u2019apporter un confort optimal de traitement et de mesurer l\u2019efficacit\u00e9 de la th\u00e9rapie de la mani\u00e8re la plus pr\u00e9cise pour le suivi m\u00e9dical du traitement.<br \/>\nNotre choix d&rsquo;appareils de traitement est uniquement motiv\u00e9 par une dimension qualitative et dans le respect de la prescription m\u00e9dicale.<br \/>\nLe but \u00e9tant d\u2019apporter un confort optimal de traitement et de mesurer l\u2019efficacit\u00e9 de la th\u00e9rapie de la mani\u00e8re la plus pr\u00e9cise pour le suivi m\u00e9dical.<br \/>\nChaque appareil rel\u00e8ve un certain nombre d&rsquo;informations lors de votre traitement. C\u2019est ce qu\u2019on appelle le relev\u00e9 d observance. Ces informations sont indispensables pour votre m\u00e9decin prescripteur et pour le suivi du bon fonctionnement de votre traitement.<\/p>\n<p style=\"text-align: justify;\"><strong><span style=\"color: #448dce;\">LE SUIVI TECHNICO-COMMERCIAL :<\/span><\/strong><\/p>\n<p style=\"text-align: justify;\">C\u2019est une des pierres angulaires de la compliance patient apr\u00e8s la relation patient-m\u00e9decin. En effet le suivi technique est aussi un \u00e9l\u00e9ment fondamental.<br \/>\nTout traitement \u00e0 moyen ou long terme est assujetti \u00e0 une d\u00e9motivation du patient ou \u00e0 une baisse des effets b\u00e9n\u00e9fiques ressentis.<br \/>\nLe suivi technique a donc pour challenge de maintenir la relation du patient avec son traitement dans l \u2018objectif de son bien-\u00eatre et sous la prescription et le suivi du m\u00e9decin.<br \/>\nINNOMED s\u2019efforce de passer r\u00e9guli\u00e8rement et fr\u00e9quemment au domicile du patient afin de v\u00e9rifier l\u2019ajustement, le confort et l\u2019efficacit\u00e9 du traitement. C\u2019est le suivi m\u00e9dico-technique.<br \/>\nMais limiter le suivi m\u00e9dico-technique qu\u2019\u00e0 ces \u00e9l\u00e9ments serait limitatif. En effet, la relation du technicien, son \u00e9coute, sa disponibilit\u00e9 et sa capacit\u00e9 \u00e0 expliquer le traitement sont des \u00e9l\u00e9ments importants de la prise en charge et de son suivi. La relation humaine et l\u2019accompagnement du patient dans une th\u00e9rapie prends ici toute son sens.<br \/>\nParce qu\u2019il s\u2019agit de la sant\u00e9 et du bien-\u00eatre de patients nous faisons tout notre possible et mettons-en \u0153uvre tous les moyens dans la r\u00e9ussite du traitement. Accompagner l\u2019humain dans son bien \u00eatre doit \u00eatre pris au s\u00e9rieux et m\u00e9rit\u00e9 toute notre attention.<br \/>\nUn traitement n\u2019est jamais facile \u00e0 accepter, du moins tant que les effets b\u00e9n\u00e9fiques ne se sont pas ressentis. Le challenge du technicien m\u00e9dico-technique est donc de vaincre la course contre la d\u00e9motivation du patient en lui faisant ressentir au plus vite les bienfaits du traitement. Cela passe par une \u00e9coute, par un accompagnement et par une expertise pointue.<br \/>\nLors de ce suivi, le technicien INNOMED t\u00e9l\u00e9chargera les donn\u00e9es de l\u2019appareil et de traitement pour les tenir \u00e0 disposition du m\u00e9decin prescripteur en temps r\u00e9el via un site internet s\u00e9curis\u00e9. Ainsi, le m\u00e9decin prescripteur fait un \u00ab t\u00e9l\u00e9-suivi \u00bb. On est alors au pr\u00e9ambule de la \u00ab t\u00e9l\u00e9m\u00e9decine \u00bb.[\/vc_column_text][\/vc_column][\/vc_row][vc_column][\/vc_column]<\/p>\n<\/div>","protected":false},"excerpt":{"rendered":"<p>[vc_row][vc_column css=\u00a0\u00bb.vc_custom_1757956589913{padding-right: 50px !important;padding-left: 50px !important;}\u00a0\u00bb][vc_single_image image=\u00a0\u00bb461&Prime; img_size=\u00a0\u00bbfull\u00a0\u00bb alignment=\u00a0\u00bbcenter\u00a0\u00bb css=\u00a0\u00bb\u00a0\u00bb][vc_column_text] Aujourd\u2019hui notre syst\u00e8me de sant\u00e9 favorise la prise en charge \u00e0 domicile des pathologies respiratoires et de l\u2019apn\u00e9e du sommeil. Fort d\u2019une expertise dans ces domaines INNOMED organise cette prise en charge dans un soucis qualitatif et de confort pour le patient avec toutes les&#8230;<\/p>\n","protected":false},"author":1,"featured_media":0,"parent":0,"menu_order":0,"comment_status":"closed","ping_status":"closed","template":"","meta":{"footnotes":""},"class_list":["post-31","page","type-page","status-publish","hentry"],"_links":{"self":[{"href":"https:\/\/innomed-patient.com\/index.php\/wp-json\/wp\/v2\/pages\/31","targetHints":{"allow":["GET"]}}],"collection":[{"href":"https:\/\/innomed-patient.com\/index.php\/wp-json\/wp\/v2\/pages"}],"about":[{"href":"https:\/\/innomed-patient.com\/index.php\/wp-json\/wp\/v2\/types\/page"}],"author":[{"embeddable":true,"href":"https:\/\/innomed-patient.com\/index.php\/wp-json\/wp\/v2\/users\/1"}],"replies":[{"embeddable":true,"href":"https:\/\/innomed-patient.com\/index.php\/wp-json\/wp\/v2\/comments?post=31"}],"version-history":[{"count":15,"href":"https:\/\/innomed-patient.com\/index.php\/wp-json\/wp\/v2\/pages\/31\/revisions"}],"predecessor-version":[{"id":462,"href":"https:\/\/innomed-patient.com\/index.php\/wp-json\/wp\/v2\/pages\/31\/revisions\/462"}],"wp:attachment":[{"href":"https:\/\/innomed-patient.com\/index.php\/wp-json\/wp\/v2\/media?parent=31"}],"curies":[{"name":"wp","href":"https:\/\/api.w.org\/{rel}","templated":true}]}}