{"id":29,"date":"2019-01-01T21:23:28","date_gmt":"2019-01-01T20:23:28","guid":{"rendered":"https:\/\/innomed-patient.com\/?page_id=29"},"modified":"2025-09-15T20:35:09","modified_gmt":"2025-09-15T18:35:09","slug":"traitement-orthese","status":"publish","type":"page","link":"https:\/\/innomed-patient.com\/index.php\/traitement-orthese\/","title":{"rendered":"Traitement Orth\u00e8se"},"content":{"rendered":"<div class=\"wpb-content-wrapper\"><p>[vc_row][vc_column][vc_single_image image=\u00a0\u00bb481&Prime; img_size=\u00a0\u00bbfull\u00a0\u00bb alignment=\u00a0\u00bbcenter\u00a0\u00bb css=\u00a0\u00bb\u00a0\u00bb][vc_column_text]<\/p>\n<h3 style=\"text-align: justify;\"><strong><span style=\"color: #448dce;\">Qu&rsquo;est ce que l&rsquo;Orth\u00e8se d&rsquo;Avanc\u00e9e Mandibulaire (OAM) ?<\/span><\/strong><\/h3>\n<p>[\/vc_column_text][vc_single_image image=\u00a0\u00bb130&Prime; img_size=\u00a0\u00bbfull\u00a0\u00bb alignment=\u00a0\u00bbcenter\u00a0\u00bb][vc_column_text]<\/p>\n<p style=\"text-align: justify;\">L\u2019orth\u00e8se d\u2019avanc\u00e9e mandibulaire (OAM) est un dispositif buccal m\u00e9dical r\u00e9alis\u00e9 sur mesure et qui est mis en bouche durant le sommeil pour stopper le ronflement ou traiter les syndromes d\u2019apn\u00e9es du sommeil quand celui-ci est mod\u00e9r\u00e9 (plus pr\u00e9cis\u00e9ment le SAOS).<br \/>\nIl est prescrit par un m\u00e9decin sp\u00e9cialiste du sommeil et est r\u00e9alis\u00e9 sur mesure apr\u00e8s un diagnostic du sommeil.<br \/>\nTr\u00e8s efficace dans le traitement du ronflement. L\u2019orth\u00e8se peut aussi repr\u00e9senter une alternative de traitement dans les apn\u00e9es du sommeil.<\/p>\n<p>[\/vc_column_text][vc_single_image image=\u00a0\u00bb131&Prime; img_size=\u00a0\u00bbfull\u00a0\u00bb alignment=\u00a0\u00bbcenter\u00a0\u00bb][vc_column_text]<\/p>\n<h3 style=\"text-align: justify;\"><\/h3>\n<p style=\"text-align: justify;\">L\u2019orth\u00e8se m\u00e9dicale ne prends pas en compte les \u00ab gadgets\u201d que l\u2019on retrouve en pharmacie.<br \/>\nDans le cas o\u00f9 le ronflement se d\u00e9roule sans pathologie d\u2019apn\u00e9es du sommeil, il n\u2019est pas soumis \u00e0 remboursement par les caisses de r\u00e9gime obligatoire.<br \/>\nSi votre ronflement est, dans le cas contraire, accompagn\u00e9 d\u2019un Syndrome d\u2019Apn\u00e9e du Sommeil (SAOS), sa pose ainsi que sa fabrication est pris en charge par l\u2019assurance maladie. Cependant certain m\u00e9decin pourra appliquer un d\u00e9passement d\u2019honoraire.<br \/>\nL\u2019orth\u00e8se d\u2019avanc\u00e9e mandibulaire est un dispositif m\u00e9dical. C\u2019est \u00e0 dire qu\u2019il a prouv\u00e9 scientifiquement son efficacit\u00e9 (revue Cochrane 2007 sur l\u2019\u00e9valuation des orth\u00e8ses), \u00e0 la fois sur le ronflement et sur les apn\u00e9es du sommeil m\u00eame si son efficacit\u00e9 reste \u00e0 ce jour moins importante que les appareils \u00e0 pression positive continuent (PPC).<br \/>\nL\u2019orth\u00e8se est donc un petit appareil dentaire fait sur-mesure, con\u00e7u pour \u00eatre l\u00e9ger et confortable, qui se porte pendant le sommeil. On l\u2019appelle \u00e9galement orth\u00e8se d\u2019avanc\u00e9e mandibulaire (OAM) sur-mesure. Son grand int\u00e9r\u00eat repose sur sa tr\u00e8s faible visibilit\u00e9 mais aussi sur une efficacit\u00e9 prouv\u00e9e cliniquement.<br \/>\nIl est bien entendu qu\u2019ici nous parlons de dispositif m\u00e9dical r\u00e9alis\u00e9 sur mesure et valid\u00e9 \u00e0 travers la collaboration entre un sp\u00e9cialiste dentaire ou de l\u2019appareil manducateur et un sp\u00e9cialiste du sommeil.<br \/>\nCependant certains ORL sp\u00e9cialis\u00e9 dans le syndrome du sommeil ont \u00e9largi leur champ d\u2019activit\u00e9 et de connaissances sur l\u2019appareil manducateurs et dentaire pour pouvoir prendre en charge dans sa globalit\u00e9 le traitement par orth\u00e8se et dans le souci de simplifier le circuit m\u00e9dical du patient.<\/p>\n<p>[\/vc_column_text][vc_column_text]<\/p>\n<h3 style=\"text-align: justify;\"><strong><span style=\"color: #448dce;\">Principe de fonctionnement<\/span><\/strong><\/h3>\n<p style=\"text-align: justify;\">Tout d\u2019abord, il faut revenir sur le principe m\u00e9canique \u00e0 l\u2019origine du Syndrome d\u2019apn\u00e9e obstructive et du ronflement.<br \/>\nLes voies respiratoires sup\u00e9rieures sont d\u00e9limit\u00e9es par des structures rigides (palais dur, dents) et des tissus mous (langue, pharynx, v\u00e9lum, cordes vocales). Les voies a\u00e9riennes sont naturellement d\u00e9formantes sous l\u2019action des forces musculaires.<br \/>\nPendant le sommeil, le rel\u00e2chement musculaire va entrainer une diminution du diam\u00e8tre pharyng\u00e9e. Quand ce rel\u00e2chement musculaire s\u2019accentue au fur et \u00e0 mesure qu\u2019on s\u2019enfonce plus profond\u00e9ment dans le sommeil, les tissus peuvent se mettre \u00e0 vibrer au passage de l\u2019air et entrainer un ph\u00e9nom\u00e8ne que l&rsquo;on connait tous comme le ronflement<\/p>\n<p>[\/vc_column_text][vc_single_image image=\u00a0\u00bb132&Prime; img_size=\u00a0\u00bbfull\u00a0\u00bb alignment=\u00a0\u00bbcenter\u00a0\u00bb][vc_column_text]<\/p>\n<p style=\"text-align: justify;\">Par contre si ce rel\u00e2chement musculaire continue sa progression durant le sommeil, On peut voir apparaitre un syndrome d\u2019apn\u00e9es obstructives du sommeil (SAOS). Des apn\u00e9es li\u00e9es \u00e0 des collapsus (fermeture) du pharynx qui peuvent se r\u00e9p\u00e9ter plusieurs fois dans la nuit.<br \/>\nComme son nom l\u2019indique, l\u2019Orth\u00e8se d\u2019Avanc\u00e9e Mandibulaire (OAM) va fonctionner en propulsant la m\u00e2choire inf\u00e9rieure vers l\u2019avant (Cf film)<\/p>\n<p>[\/vc_column_text][vc_video link=\u00a0\u00bbhttps:\/\/vimeo.com\/198081731&Prime; align=\u00a0\u00bbcenter\u00a0\u00bb][vc_column_text]<\/p>\n<p style=\"text-align: justify;\">Cela va voir donc pour effet de contrecarrer le ronflement dont la principale cause est un affaissement des tissus mous des voies respiratoires sup\u00e9rieures.<br \/>\nEn effet, les orth\u00e8ses induisent une protraction de la base de la langue et \u00e9tirement des parois oro-pharyng\u00e9es. C\u2019est \u00e0 dire qu\u2019en poussant sur la m\u00e2choire inf\u00e9rieure vers l\u2019avant, on a pour effet de tirer sur le muscle de la langue et des tissus mous des voies pharyng\u00e9es.<br \/>\nCela va avoir pour effet d\u2019augmenter le calibre des voies a\u00e9riennes sup\u00e9rieures et de d\u00e9gager le passage de l\u2019air dans les voies respiratoires.<br \/>\nDonc l\u2019orth\u00e8se va fonctionner par \u00e9tirement de ces tissus mous et donc \u00e9largir le passage \u00e0 l\u2019air. On peut donc comparer cela \u00e0 un ph\u00e9nom\u00e8ne de \u201clifting \u00bb des tissus mous oro-pharyng\u00e9es.<\/p>\n<p>[\/vc_column_text][vc_column_text]<\/p>\n<h3 style=\"text-align: justify;\"><strong><span style=\"color: #448dce;\">Comment avoir son orth\u00e8se ?<\/span><\/strong><\/h3>\n<p style=\"text-align: justify;\">Tout ronflement devrait \u00eatre soumis \u00e0 un diagnostic du syndrome d\u2019apn\u00e9e du sommeil par un sp\u00e9cialiste du sommeil. C\u2019est pour cela que nous recommandons vivement de consulter un m\u00e9decin sp\u00e9cialiste du sommeil \u00e0 \u00e9carter l\u2019\u00e9ventualit\u00e9 d\u2019un ronflement pathologique.<br \/>\nEn effet, si votre ronflement est accompagn\u00e9 de plusieurs sympt\u00f4mes tels qu\u2019une fatigue quotidienne excessive (somnolence diurne), d\u2019une baisse significative de libido ou encore d\u2019une difficult\u00e9 de concentration pendant la journ\u00e9e, alors parlez-en \u00e0 votre m\u00e9decin traitant qui vous orientera vers un sp\u00e9cialiste du sommeil. Dans le cas ou votre ronflement est r\u00e9v\u00e9lateur d\u2019un syndrome d\u2019apn\u00e9es du sommeil l\u00e9ger \u00e0 mod\u00e9r\u00e9 (c\u2019est \u00e0 dire avec un IAH compris entre 5 et 30) alors votre m\u00e9decin peut vous prescrire une orth\u00e8se m\u00e9dicale d\u2019avanc\u00e9e mandibulaire (OAM).<br \/>\nCependant si votre ronflement n\u2019est pas la cons\u00e9quence d\u2019une pathologie du sommeil, il existe aussi des orth\u00e8ses sur mesure calqu\u00e9es sur les orth\u00e8ses m\u00e9dicales. Ce type d\u2019orth\u00e8se sera alors \u00e0 votre charge pour la prise d\u2019empreinte (faite forcement par un m\u00e9decin ORL ou dentaire) ainsi que pour sa fabrication. Son d\u00e9lai de fabrication oscille de 2 \u00e0 5 semaines.<\/p>\n<p style=\"text-align: justify;\"><strong>Attention ! Les informations pr\u00e9sentes sur ce site ne remplacent en aucun cas le diagnostic d\u2019un professionnel de sant\u00e9. N\u2019h\u00e9sitez pas \u00e0 consulter un m\u00e9decin sp\u00e9cialiste du sommeil et \u00e0 en parler \u00e0 votre m\u00e9decin traitant.<\/strong><\/p>\n<p>[\/vc_column_text][\/vc_column][\/vc_row][vc_column][\/vc_column]<\/p>\n<\/div>","protected":false},"excerpt":{"rendered":"<p>[vc_row][vc_column][vc_single_image image=\u00a0\u00bb481&Prime; img_size=\u00a0\u00bbfull\u00a0\u00bb alignment=\u00a0\u00bbcenter\u00a0\u00bb css=\u00a0\u00bb\u00a0\u00bb][vc_column_text] Qu&rsquo;est ce que l&rsquo;Orth\u00e8se d&rsquo;Avanc\u00e9e Mandibulaire (OAM) ? [\/vc_column_text][vc_single_image image=\u00a0\u00bb130&Prime; img_size=\u00a0\u00bbfull\u00a0\u00bb alignment=\u00a0\u00bbcenter\u00a0\u00bb][vc_column_text] L\u2019orth\u00e8se d\u2019avanc\u00e9e mandibulaire (OAM) est un dispositif buccal m\u00e9dical r\u00e9alis\u00e9 sur mesure et qui est mis en bouche durant le sommeil pour stopper le ronflement ou traiter les syndromes d\u2019apn\u00e9es du sommeil quand celui-ci est mod\u00e9r\u00e9 (plus pr\u00e9cis\u00e9ment&#8230;<\/p>\n","protected":false},"author":1,"featured_media":0,"parent":0,"menu_order":0,"comment_status":"closed","ping_status":"closed","template":"","meta":{"footnotes":""},"class_list":["post-29","page","type-page","status-publish","hentry"],"_links":{"self":[{"href":"https:\/\/innomed-patient.com\/index.php\/wp-json\/wp\/v2\/pages\/29","targetHints":{"allow":["GET"]}}],"collection":[{"href":"https:\/\/innomed-patient.com\/index.php\/wp-json\/wp\/v2\/pages"}],"about":[{"href":"https:\/\/innomed-patient.com\/index.php\/wp-json\/wp\/v2\/types\/page"}],"author":[{"embeddable":true,"href":"https:\/\/innomed-patient.com\/index.php\/wp-json\/wp\/v2\/users\/1"}],"replies":[{"embeddable":true,"href":"https:\/\/innomed-patient.com\/index.php\/wp-json\/wp\/v2\/comments?post=29"}],"version-history":[{"count":5,"href":"https:\/\/innomed-patient.com\/index.php\/wp-json\/wp\/v2\/pages\/29\/revisions"}],"predecessor-version":[{"id":485,"href":"https:\/\/innomed-patient.com\/index.php\/wp-json\/wp\/v2\/pages\/29\/revisions\/485"}],"wp:attachment":[{"href":"https:\/\/innomed-patient.com\/index.php\/wp-json\/wp\/v2\/media?parent=29"}],"curies":[{"name":"wp","href":"https:\/\/api.w.org\/{rel}","templated":true}]}}