{"id":19,"date":"2019-01-01T21:20:28","date_gmt":"2019-01-01T20:20:28","guid":{"rendered":"https:\/\/innomed-patient.com\/?page_id=19"},"modified":"2025-09-15T20:22:46","modified_gmt":"2025-09-15T18:22:46","slug":"la-polysomnographie-psg","status":"publish","type":"page","link":"https:\/\/innomed-patient.com\/index.php\/la-polysomnographie-psg\/","title":{"rendered":"La polysomnographie (PSG)"},"content":{"rendered":"<div class=\"wpb-content-wrapper\"><p>[vc_row][vc_column][vc_single_image image=\u00a0\u00bb478&Prime; img_size=\u00a0\u00bbfull\u00a0\u00bb alignment=\u00a0\u00bbcenter\u00a0\u00bb css=\u00a0\u00bb\u00a0\u00bb][vc_column_text]<\/p>\n<h3 style=\"text-align: justify;\"><strong><span style=\"color: #448dce;\">La polysomnographie (PSG)<\/span><\/strong><\/h3>\n<p style=\"text-align: justify;\">C\u2019est l\u2019examen le plus complet et le plus approfondie du sommeil. le seul reconnu par les institutions m\u00e9dicales et scientifiques lors d\u2019\u00e9tudes et de recherche. Il est \u00e0 la base de la compr\u00e9hension de beaucoup de m\u00e9canisme pathologique et a permis d\u2019approfondir les connaissances sur les principes de fonctionnement du sommeil mais aussi sur son traitement.<\/p>\n<p style=\"text-align: justify;\"><strong>La polysomnographie est un examen beaucoup plus complet que la simple polygraphie ventilatoire.<\/strong> Cet examen dispose de tous les capteurs classiques du polygraphe. Il mesure donc l\u2019activit\u00e9 respiratoire durant le sommeil et est capable de quantifier les \u00e9v\u00e8nements \u00e9ventuels mais aussi de les qualifier. On obtient donc comme pour la Polygraphe un Index d\u2019Apn\u00e9es et\/ou Hypopn\u00e9es par heure de sommeil.<br \/>\nCependant, en plus de cette activit\u00e9, la polysomnographie va enregistrer l\u2019activit\u00e9 du cerveau. Ainsi, on arrive \u00e0 d\u00e9terminer les stades de sommeil ainsi que leurs dur\u00e9es respectives. On peut obtenir, alors, l\u2019architecture du sommeil et en traduire un graphique que l\u2019on appelle hypnogramme (cf. graphique ci-dessous). Ce graphique va permettre de connaitre la s\u00e9rie des diff\u00e9rents cycles de sommeil et leurs dur\u00e9es respectives. Cela va permettre de savoir si la structure du sommeil est respect\u00e9e et garde alors ses caract\u00e9ristiques<\/p>\n<p>[\/vc_column_text][vc_single_image image=\u00a0\u00bb117&Prime; img_size=\u00a0\u00bbfull\u00a0\u00bb alignment=\u00a0\u00bbcenter\u00a0\u00bb][vc_column_text]<\/p>\n<p style=\"text-align: justify;\">C\u2019est donc un examen plus complet. Il peut \u00eatre r\u00e9alis\u00e9 suite \u00e0 une polygraphie Ventilatoire si ce premier examen ne permet pas de diagnostiquer avec pr\u00e9cision et certitude les probl\u00e8mes de sommeil.<br \/>\nSuite \u00e0 la polysomnographie, le m\u00e9decin analyse toutes les coupes pour en faire une traduction pr\u00e9cise, compl\u00e8te et expliquant le fonctionnement de la pathologie. Il obtient alors de nombreuses courbes comme repr\u00e9sent\u00e9 dans l\u2019image ci-dessous.<br \/>\n<strong>N.B. : Dans tous les cas ces examens doivent \u00eatre r\u00e9alis\u00e9s et prescris par un m\u00e9decin. Ce sont des actes m\u00e9dicaux pris en charge par la s\u00e9curit\u00e9 sociale et la r\u00e9alisation de cet examen peut vous \u00e9viter un parcours m\u00e9dical long et compliqu\u00e9 si vous souffrez de troubles du sommeil ou de somnolence diurne excessive.<\/strong><\/p>\n<p>[\/vc_column_text][vc_single_image image=\u00a0\u00bb116&Prime; img_size=\u00a0\u00bbfull\u00a0\u00bb alignment=\u00a0\u00bbcenter\u00a0\u00bb][vc_column_text]<\/p>\n<h3 style=\"text-align: justify;\"><strong><span style=\"color: #448dce;\"><br \/>\nLa polysomnographie et ses capteurs<\/span><\/strong><\/h3>\n<p style=\"text-align: justify;\">La polysomnographie nocturne est donc l\u2019examen le plus complet. Il trouve sa place si le polygraphe est mis en \u00e9chec ou si la pathologie suspect\u00e9e par le m\u00e9decin n\u00e9cessite cet examen. Il permet de poser un diagnostic ou de le pr\u00e9ciser. La PSG consiste en une nuit d\u2019enregistrements de diff\u00e9rents param\u00e8tres pendant une dur\u00e9e d\u2019au moins 6 heures de sommeil. Ce test complet permet de diagnostiquer plusieurs types de troubles du sommeil, dont le syndrome d\u2019apn\u00e9e du sommeil (SAS), le syndrome de SARVAS ou SHRVAS (syndrome d\u2019augmentation ou de hautes r\u00e9sistances des voies a\u00e9riennes sup\u00e9rieures) le syndrome des mouvements de jambes sans repos, la narcolepsie, ou encore une \u00e9ventuelle \u00e9pilepsie nocturne \u2026<\/p>\n<p style=\"text-align: justify;\">Les param\u00e8tres retrouv\u00e9s classiquement dans la polygraphie et qu\u2019on observe aussi en polysomnographie sont :<\/p>\n<ul style=\"text-align: justify;\">\n<li>la mesure du d\u00e9bit a\u00e9rien bucco-nasal<\/li>\n<li>la respiration (rythme et amplitude des mouvements respiratoires)<\/li>\n<li>la saturation sanguine en oxyg\u00e8ne,<\/li>\n<li>le ronflement,<\/li>\n<li>la fr\u00e9quence cardiaque<\/li>\n<li>l\u2019activit\u00e9<\/li>\n<li>la position et les mouvements<\/li>\n<\/ul>\n<p style=\"text-align: justify;\">Pour les param\u00e8tres sp\u00e9cifiques de la polysomnographie en voici quelques exemples (le m\u00e9decin peut rajouter ou retirer des capteurs):<\/p>\n<ul style=\"text-align: justify;\">\n<li>l\u2019activit\u00e9 c\u00e9r\u00e9brale (EEG \u2013 \u00e9lectroenc\u00e9phalogramme)<\/li>\n<li>les Mouvements Oculaires (EOG \u2013 \u00e9lectro-occulogramme) caract\u00e9ristiques des phases paradoxales ou REM du patient (Cf onglet Le sommeil)<\/li>\n<li>l\u2019activit\u00e9 c\u00e9r\u00e9brale (EEG \u2013 \u00e9lectroenc\u00e9phalogramme),<\/li>\n<li>l\u2019activit\u00e9 musculaire des jambes et du menton (EMG -\u00e9lectromyogramme),<\/li>\n<li>l\u2019activit\u00e9 du coeur (ECG &#8211; \u00e9lectro-cardiogramme)<\/li>\n<\/ul>\n<p style=\"text-align: justify;\">En plus de l\u2019IAH, la polysomnographie permettra de conna\u00eetre la pr\u00e9sence de micro-\u00e9veils durant le sommeil et d\u2019en d\u00e9terminer l\u2019origine.<br \/>\nComme pour les apn\u00e9es et hypopn\u00e9es pour la mesure de l\u2019IAH, on comptabilise le nombre de micro-\u00e9veils dans la nuit qu\u2019on reporte alors sur la dur\u00e9e du sommeil pour obtenir l\u2019index de micro-\u00e9veils (IME). L\u2019IME donnera alors le nombre de micro-\u00e9veil (r\u00e9veil non per\u00e7u par le sujet) durant le sommeil.<br \/>\nA l\u2019issu de la polysomnographie nous obtenons donc un IAH, un IME ainsi que les diff\u00e9rents stades de sommeil et leurs dur\u00e9es respectives.<br \/>\nSi cet indice, IME, est sup\u00e9rieur \u00e0 10 par heure de sommeil, on est alors confront\u00e9 \u00e0 une pathologie du sommeil qui pourra \u00eatre caract\u00e9ris\u00e9e suite \u00e0 une complexe analyse du m\u00e9decin sp\u00e9cialiste du sommeil.<\/p>\n<p>[\/vc_column_text][vc_column_text]<\/p>\n<p style=\"text-align: justify;\"><strong>Attention ! Les informations pr\u00e9sentes sur ce site ne remplacent en aucun cas le diagnostic d\u2019un professionnel de sant\u00e9. N\u2019h\u00e9sitez pas \u00e0 consulter un m\u00e9decin sp\u00e9cialiste du sommeil et \u00e0 en parler \u00e0 votre m\u00e9decin traitant.<\/strong><\/p>\n<p>[\/vc_column_text][\/vc_column][\/vc_row]<\/p>\n<\/div>","protected":false},"excerpt":{"rendered":"<p>[vc_row][vc_column][vc_single_image image=\u00a0\u00bb478&Prime; img_size=\u00a0\u00bbfull\u00a0\u00bb alignment=\u00a0\u00bbcenter\u00a0\u00bb css=\u00a0\u00bb\u00a0\u00bb][vc_column_text] La polysomnographie (PSG) C\u2019est l\u2019examen le plus complet et le plus approfondie du sommeil. le seul reconnu par les institutions m\u00e9dicales et scientifiques lors d\u2019\u00e9tudes et de recherche. Il est \u00e0 la base de la compr\u00e9hension de beaucoup de m\u00e9canisme pathologique et a permis d\u2019approfondir les connaissances sur les principes&#8230;<\/p>\n","protected":false},"author":1,"featured_media":0,"parent":0,"menu_order":0,"comment_status":"closed","ping_status":"closed","template":"","meta":{"footnotes":""},"class_list":["post-19","page","type-page","status-publish","hentry"],"_links":{"self":[{"href":"https:\/\/innomed-patient.com\/index.php\/wp-json\/wp\/v2\/pages\/19","targetHints":{"allow":["GET"]}}],"collection":[{"href":"https:\/\/innomed-patient.com\/index.php\/wp-json\/wp\/v2\/pages"}],"about":[{"href":"https:\/\/innomed-patient.com\/index.php\/wp-json\/wp\/v2\/types\/page"}],"author":[{"embeddable":true,"href":"https:\/\/innomed-patient.com\/index.php\/wp-json\/wp\/v2\/users\/1"}],"replies":[{"embeddable":true,"href":"https:\/\/innomed-patient.com\/index.php\/wp-json\/wp\/v2\/comments?post=19"}],"version-history":[{"count":3,"href":"https:\/\/innomed-patient.com\/index.php\/wp-json\/wp\/v2\/pages\/19\/revisions"}],"predecessor-version":[{"id":479,"href":"https:\/\/innomed-patient.com\/index.php\/wp-json\/wp\/v2\/pages\/19\/revisions\/479"}],"wp:attachment":[{"href":"https:\/\/innomed-patient.com\/index.php\/wp-json\/wp\/v2\/media?parent=19"}],"curies":[{"name":"wp","href":"https:\/\/api.w.org\/{rel}","templated":true}]}}