{"id":15,"date":"2019-01-01T21:18:43","date_gmt":"2019-01-01T20:18:43","guid":{"rendered":"https:\/\/innomed-patient.com\/?page_id=15"},"modified":"2025-09-15T19:07:24","modified_gmt":"2025-09-15T17:07:24","slug":"contact","status":"publish","type":"page","link":"https:\/\/innomed-patient.com\/index.php\/contact\/","title":{"rendered":"Contact"},"content":{"rendered":"<div class=\"wpb-content-wrapper\"><p>[vc_row el_position=\u00a0\u00bbfirst last\u00a0\u00bb][vc_column width=\u00a0\u00bb1\/2&Prime;][vc_column_text]<\/p>\n<div class=\"caldera-grid\" id=\"caldera_form_1\" data-cf-ver=\"1.9.7\" data-cf-form-id=\"CF5c2d4c8d950ec\"><div id=\"caldera_notices_1\" data-spinner=\"https:\/\/innomed-patient.com\/wp-admin\/images\/spinner.gif\"><\/div><form data-instance=\"1\" class=\"CF5c2d4c8d950ec caldera_forms_form cfajax-trigger\" method=\"POST\" enctype=\"multipart\/form-data\" id=\"CF5c2d4c8d950ec_1\" data-form-id=\"CF5c2d4c8d950ec\" aria-label=\"Contact\" data-target=\"#caldera_notices_1\" data-template=\"#cfajax_CF5c2d4c8d950ec-tmpl\" data-cfajax=\"CF5c2d4c8d950ec\" data-load-element=\"_parent\" data-load-class=\"cf_processing\" data-post-disable=\"0\" data-action=\"cf_process_ajax_submit\" data-request=\"https:\/\/innomed-patient.com\/cf-api\/CF5c2d4c8d950ec\" data-hiderows=\"true\">\r\n<input type=\"hidden\" id=\"_cf_verify_CF5c2d4c8d950ec\" name=\"_cf_verify\" value=\"7b942219ca\"  data-nonce-time=\"1776295497\" \/><input type=\"hidden\" name=\"_wp_http_referer\" value=\"\/index.php\/wp-json\/wp\/v2\/pages\/15\" \/><div id=\"cf2-CF5c2d4c8d950ec_1\"><\/div><input type=\"hidden\" name=\"_cf_frm_id\" value=\"CF5c2d4c8d950ec\">\r\n<input type=\"hidden\" name=\"_cf_frm_ct\" value=\"1\">\r\n<input type=\"hidden\" name=\"cfajax\" value=\"CF5c2d4c8d950ec\">\r\n<input type=\"hidden\" name=\"_cf_cr_pst\" value=\"15\">\r\n<div class=\"hide\" style=\"display:none; overflow:hidden;height:0;width:0;\">\r\n<label>Nom<\/label><input type=\"text\" name=\"name\" value=\"\" autocomplete=\"off\">\r\n<\/div><div id=\"CF5c2d4c8d950ec_1-row-1\"  class=\"row  first_row\"><div  class=\"col-sm-12  single\"><div class=\"\"><h2>Contactez-nous<\/h2>\n<p>Faites-nous savoir comment vous contacter, pour des informations, pour commander des produits...<\/p>\n<\/div><\/div><\/div><div id=\"CF5c2d4c8d950ec_1-row-2\"  class=\"row \"><div  class=\"col-sm-6  first_col\"><div data-field-wrapper=\"fld_8768091\" class=\"form-group\" id=\"fld_8768091_1-wrap\">\r\n\t<label id=\"fld_8768091Label\" for=\"fld_8768091_1\" class=\"control-label\">Pr\u00e9nom <span aria-hidden=\"true\" role=\"presentation\" class=\"field_required\" style=\"color:#ee0000;\">*<\/span><\/label>\r\n\t<div class=\"\">\r\n\t\t<input   required type=\"text\" data-field=\"fld_8768091\" class=\" form-control\" id=\"fld_8768091_1\" name=\"fld_8768091\" value=\"\" data-type=\"text\" aria-required=\"true\"   aria-labelledby=\"fld_8768091Label\" >\t\t\t<\/div>\r\n<\/div>\r\n<\/div><div  class=\"col-sm-6  last_col\"><div data-field-wrapper=\"fld_9970286\" class=\"form-group\" id=\"fld_9970286_1-wrap\">\r\n\t<label id=\"fld_9970286Label\" for=\"fld_9970286_1\" class=\"control-label\">Nom de famille <span aria-hidden=\"true\" role=\"presentation\" class=\"field_required\" style=\"color:#ee0000;\">*<\/span><\/label>\r\n\t<div class=\"\">\r\n\t\t<input   required type=\"text\" data-field=\"fld_9970286\" class=\" form-control\" id=\"fld_9970286_1\" name=\"fld_9970286\" value=\"\" data-type=\"text\" aria-required=\"true\"   aria-labelledby=\"fld_9970286Label\" >\t\t\t<\/div>\r\n<\/div>\r\n<\/div><\/div><div id=\"CF5c2d4c8d950ec_1-row-3\"  class=\"row \"><div  class=\"col-sm-12  single\"><div data-field-wrapper=\"fld_6009157\" class=\"form-group\" id=\"fld_6009157_1-wrap\">\r\n\t<label id=\"fld_6009157Label\" for=\"fld_6009157_1\" class=\"control-label\">Adresse email <span aria-hidden=\"true\" role=\"presentation\" class=\"field_required\" style=\"color:#ee0000;\">*<\/span><\/label>\r\n\t<div class=\"\">\r\n\t\t<input   required type=\"email\" data-field=\"fld_6009157\" class=\" form-control\" id=\"fld_6009157_1\" name=\"fld_6009157\" value=\"\" data-type=\"email\" aria-required=\"true\"   aria-labelledby=\"fld_6009157Label\" >\t\t\t<\/div>\r\n<\/div>\r\n<\/div><\/div><div id=\"CF5c2d4c8d950ec_1-row-4\"  class=\"row \"><div  class=\"col-sm-12  single\"><div data-field-wrapper=\"fld_3956533\" class=\"form-group\" id=\"fld_3956533_1-wrap\">\r\n\t<label id=\"fld_3956533Label\" for=\"fld_3956533_1\" class=\"control-label\">Objet <span aria-hidden=\"true\" role=\"presentation\" class=\"field_required\" style=\"color:#ee0000;\">*<\/span><\/label>\r\n\t<div class=\"\">\r\n\t\t<select name=\"fld_3956533\" value=\"\" data-field=\"fld_3956533\" class=\"form-control\" id=\"fld_3956533_1\"  required=\"required\"  aria-labelledby=\"fld_3956533Label\" >\n\t\t<option value=\"\"><\/option>\r\n\t\t\t\t\t<option value=\"Commande\"  data-calc-value=\"Commande\" >\n\t\t\t\t\t\tCommande\t\t\t\t\t<\/option>\n\t\t\t\t\t\t\t\t\t\t<option value=\"Demande d&#039;informations\"  data-calc-value=\"Demande d&#039;informations\" >\n\t\t\t\t\t\tDemande d&#039;informations\t\t\t\t\t<\/option>\n\t\t\t\t\t\t\t\t\t\t<option value=\"Autres\"  data-calc-value=\"Autres\" >\n\t\t\t\t\t\tAutres\t\t\t\t\t<\/option>\n\t\t\t\t\t\t\t<\/select>\n\t\t\t<\/div>\r\n<\/div>\r\n<div data-field-wrapper=\"fld_7540102\" class=\"form-group\" id=\"fld_7540102_1-wrap\">\r\n\t<label id=\"fld_7540102Label\" for=\"fld_7540102_1\" class=\"control-label\">Si autres pr\u00e9cisez...<\/label>\r\n\t<div class=\"\">\r\n\t\t<input    type=\"text\" data-field=\"fld_7540102\" class=\" form-control\" id=\"fld_7540102_1\" name=\"fld_7540102\" value=\"\" data-type=\"text\"   aria-labelledby=\"fld_7540102Label\" >\t\t\t<\/div>\r\n<\/div>\r\n<div data-field-wrapper=\"fld_7683514\" class=\"form-group\" id=\"fld_7683514_1-wrap\">\r\n\t<label id=\"fld_7683514Label\" for=\"fld_7683514_1\" class=\"control-label\">Commande\/commentaires\/questions <span aria-hidden=\"true\" role=\"presentation\" class=\"field_required\" style=\"color:#ee0000;\">*<\/span><\/label>\r\n\t<div class=\"\">\r\n\t\t<textarea name=\"fld_7683514\" value=\"\" data-field=\"fld_7683514\" class=\"form-control\" id=\"fld_7683514_1\" rows=\"7\"  required=\"required\"  aria-labelledby=\"fld_7683514Label\" ><\/textarea>\n\t\t\t<\/div>\r\n<\/div>\r\n<\/div><\/div><div id=\"CF5c2d4c8d950ec_1-row-5\"  class=\"row  last_row\"><div  class=\"col-sm-12  single\"><div data-field-wrapper=\"fld_7908577\" class=\"form-group\" id=\"fld_7908577_1-wrap\">\r\n<div class=\"\">\r\n\t<input  class=\"btn btn-default\" type=\"submit\" name=\"fld_7908577\" id=\"fld_7908577_1\" value=\"Envoyer le message\" data-field=\"fld_7908577\"  >\n<\/div>\r\n<\/div>\r\n\t<input class=\"button_trigger_1\" type=\"hidden\" name=\"fld_7908577\" id=\"fld_7908577_1_btn\" value=\"\" data-field=\"fld_7908577\"  \/>\n<\/div><\/div><\/form>\r\n<\/div>\r\n\n<p>[\/vc_column_text][\/vc_column][vc_column width=\u00a0\u00bb1\/2&Prime;][vc_column_text el_position=\u00a0\u00bbfirst\u00a0\u00bb]<\/p>\n<h2>Nos coordonn\u00e9es<\/h2>\n<p><strong>InnoMed<\/strong><br \/>\n24, rue de la R\u00e9publique<br \/>\n78100 Saint-Germain-en-Laye<br \/>\n<!--chgmt couleur <span style=\"color: #0e8f23;\"><\/span>--><\/p>\n<h5>T\u00e9l. :<strong> 01 75 93 20 36\u00a0<\/strong><\/h5>\n<p>[\/vc_column_text][vc_gmaps link=\u00a0\u00bb#E-8_JTNDaWZyYW1lJTIwc3JjJTNEJTIyaHR0cHMlM0ElMkYlMkZ3d3cuZ29vZ2xlLmNvbSUyRm1hcHMlMkZlbWJlZCUzRnBiJTNEJTIxMW0xOCUyMTFtMTIlMjExbTMlMjExZDI2MjIuODY1MzU3NzY5NTkyMyUyMTJkMi4wODg3Mjk1NTEwMTYwNDclMjEzZDQ4Ljg5ODkwMzEwNTcwNjA3NiUyMTJtMyUyMTFmMCUyMTJmMCUyMTNmMCUyMTNtMiUyMTFpMTAyNCUyMTJpNzY4JTIxNGYxMy4xJTIxM20zJTIxMW0yJTIxMXMweDQ3ZTY4ODJkNzU4ZDdjZDUlMjUzQTB4ZmU4NWUyYmJhZDdkMmZjZCUyMTJzMjQlMkJSdWUlMkJkZSUyQmxhJTJCUiUyNUMzJTI1QTlwdWJsaXF1ZSUyNTJDJTJCNzgxMDAlMkJTYWludC1HZXJtYWluLWVuLUxheWUlMjE1ZTAlMjEzbTIlMjExc2ZyJTIxMnNmciUyMTR2MTQ2ODgxNjU0MDgzNCUyMiUyMHdpZHRoJTNEJTIyNjAwJTIyJTIwaGVpZ2h0JTNEJTIyNDUwJTIyJTIwZnJhbWVib3JkZXIlM0QlMjIwJTIyJTIwc3R5bGUlM0QlMjJib3JkZXIlM0EwJTIyJTIwYWxsb3dmdWxsc2NyZWVuJTNFJTNDJTJGaWZyYW1lJTNF\u00a0\u00bb size=\u00a0\u00bb250&Prime; type=\u00a0\u00bbm\u00a0\u00bb zoom=\u00a0\u00bb12&Prime; el_position=\u00a0\u00bblast\u00a0\u00bb][\/vc_column][\/vc_row]<\/p>\n<\/div>","protected":false},"excerpt":{"rendered":"<p>[vc_row el_position=\u00a0\u00bbfirst last\u00a0\u00bb][vc_column width=\u00a0\u00bb1\/2&Prime;][vc_column_text] [\/vc_column_text][\/vc_column][vc_column width=\u00a0\u00bb1\/2&Prime;][vc_column_text el_position=\u00a0\u00bbfirst\u00a0\u00bb] Nos coordonn\u00e9es InnoMed 24, rue de la R\u00e9publique 78100 Saint-Germain-en-Laye T\u00e9l. : 01 75 93 20 36\u00a0 [\/vc_column_text][vc_gmaps link=\u00a0\u00bb#E-8_JTNDaWZyYW1lJTIwc3JjJTNEJTIyaHR0cHMlM0ElMkYlMkZ3d3cuZ29vZ2xlLmNvbSUyRm1hcHMlMkZlbWJlZCUzRnBiJTNEJTIxMW0xOCUyMTFtMTIlMjExbTMlMjExZDI2MjIuODY1MzU3NzY5NTkyMyUyMTJkMi4wODg3Mjk1NTEwMTYwNDclMjEzZDQ4Ljg5ODkwMzEwNTcwNjA3NiUyMTJtMyUyMTFmMCUyMTJmMCUyMTNmMCUyMTNtMiUyMTFpMTAyNCUyMTJpNzY4JTIxNGYxMy4xJTIxM20zJTIxMW0yJTIxMXMweDQ3ZTY4ODJkNzU4ZDdjZDUlMjUzQTB4ZmU4NWUyYmJhZDdkMmZjZCUyMTJzMjQlMkJSdWUlMkJkZSUyQmxhJTJCUiUyNUMzJTI1QTlwdWJsaXF1ZSUyNTJDJTJCNzgxMDAlMkJTYWludC1HZXJtYWluLWVuLUxheWUlMjE1ZTAlMjEzbTIlMjExc2ZyJTIxMnNmciUyMTR2MTQ2ODgxNjU0MDgzNCUyMiUyMHdpZHRoJTNEJTIyNjAwJTIyJTIwaGVpZ2h0JTNEJTIyNDUwJTIyJTIwZnJhbWVib3JkZXIlM0QlMjIwJTIyJTIwc3R5bGUlM0QlMjJib3JkZXIlM0EwJTIyJTIwYWxsb3dmdWxsc2NyZWVuJTNFJTNDJTJGaWZyYW1lJTNF\u00a0\u00bb size=\u00a0\u00bb250&Prime; type=\u00a0\u00bbm\u00a0\u00bb zoom=\u00a0\u00bb12&Prime; el_position=\u00a0\u00bblast\u00a0\u00bb][\/vc_column][\/vc_row]<\/p>\n","protected":false},"author":1,"featured_media":0,"parent":0,"menu_order":0,"comment_status":"closed","ping_status":"closed","template":"","meta":{"footnotes":""},"class_list":["post-15","page","type-page","status-publish","hentry"],"_links":{"self":[{"href":"https:\/\/innomed-patient.com\/index.php\/wp-json\/wp\/v2\/pages\/15","targetHints":{"allow":["GET"]}}],"collection":[{"href":"https:\/\/innomed-patient.com\/index.php\/wp-json\/wp\/v2\/pages"}],"about":[{"href":"https:\/\/innomed-patient.com\/index.php\/wp-json\/wp\/v2\/types\/page"}],"author":[{"embeddable":true,"href":"https:\/\/innomed-patient.com\/index.php\/wp-json\/wp\/v2\/users\/1"}],"replies":[{"embeddable":true,"href":"https:\/\/innomed-patient.com\/index.php\/wp-json\/wp\/v2\/comments?post=15"}],"version-history":[{"count":3,"href":"https:\/\/innomed-patient.com\/index.php\/wp-json\/wp\/v2\/pages\/15\/revisions"}],"predecessor-version":[{"id":158,"href":"https:\/\/innomed-patient.com\/index.php\/wp-json\/wp\/v2\/pages\/15\/revisions\/158"}],"wp:attachment":[{"href":"https:\/\/innomed-patient.com\/index.php\/wp-json\/wp\/v2\/media?parent=15"}],"curies":[{"name":"wp","href":"https:\/\/api.w.org\/{rel}","templated":true}]}}