{"id":10,"date":"2018-12-20T10:24:16","date_gmt":"2018-12-20T09:24:16","guid":{"rendered":"https:\/\/innomed-patient.com\/?page_id=10"},"modified":"2025-09-16T00:16:02","modified_gmt":"2025-09-15T22:16:02","slug":"accueil","status":"publish","type":"page","link":"https:\/\/innomed-patient.com\/","title":{"rendered":"Accueil"},"content":{"rendered":"<div class=\"wpb-content-wrapper\"><p>[vc_row][vc_column][vc_images_carousel images=\u00a0\u00bb537,538,539&Prime; img_size=\u00a0\u00bbfull\u00a0\u00bb mode=\u00a0\u00bbvertical\u00a0\u00bb autoplay=\u00a0\u00bbyes\u00a0\u00bb hide_pagination_control=\u00a0\u00bbyes\u00a0\u00bb hide_prev_next_buttons=\u00a0\u00bbyes\u00a0\u00bb wrap=\u00a0\u00bbyes\u00a0\u00bb css=\u00a0\u00bb\u00a0\u00bb][vc_column_text]<\/p>\n<h2 style=\"text-align: center;\"><span style=\"color: #448dce;\">Bienvenue sur le site d&rsquo;InnoMed<\/span><\/h2>\n<h4 style=\"text-align: justify;\"><span style=\"color: #448dce;\">InnoMed<\/span> est un prestataire de sant\u00e9 \u00e0 domicile, exer\u00e7ant son activit\u00e9 sur la France.<br \/>\nCr\u00e9\u00e9 en 2018, la soci\u00e9t\u00e9 InnoMed met en avant les derni\u00e8res innovations dans la prise en charge de l\u2019apn\u00e9e du sommeil et dans la prise en charge de l\u2019insuffisance respiratoire.<br \/>\nSp\u00e9cialiste en apn\u00e9e du sommeil et assistance respiratoire, l\u2019int\u00e9gralit\u00e9 de nos services est soumise \u00e0 prescription m\u00e9dicale avec des modalit\u00e9s et des tarifs de prise en charge fix\u00e9s par le minist\u00e8re de la sant\u00e9. Voir sur le site <a href=\"http:\/\/www.ameli.fr\/professionnels-de-sante\/directeurs-d-\u00e9tablissements-de-sante\/codage\/liste-des-produits-et-prestations-lpp\/liste-des-produits-et-prestations-lpp\/consultation-et-telechargement-de-la-lpp.php\" target=\"_blank\" rel=\"noopener noreferrer\">www.ameli.fr<\/a><\/h4>\n<p>[\/vc_column_text][vc_column_text]<\/p>\n<h4 style=\"text-align: justify;\">Notre ambition est de r\u00e9pondre aux r\u00e8gles fix\u00e9es par la s\u00e9curit\u00e9 sociale et m\u00eame au del\u00e0. La satisfaction du patient est l\u2019axe principal et quotidien de notre travail. <span style=\"color: #448dce;\">InnoMed<\/span> se positionne sur un niveau qualitatif \u00e9lev\u00e9. Les techniciens se d\u00e9pla\u00e7ant au domicile du patient ont comme philosophie de s\u2019occuper de chaque patient comme d\u2019un proche ou d\u2019un parent. Satisfaire, informer, traiter, accompagner et impliquer le patient \u00e0 son traitement est notre challenge quotidien.<\/h4>\n<p>[\/vc_column_text][vc_column_text]<\/p>\n<h4 style=\"text-align: justify;\">Parce qu\u2019il n\u2019existe pas de bonne prise en charge m\u00e9dicale sans une dimension humaine combin\u00e9e \u00e0 une r\u00e9elle connaissance de la pathologie et de la technicit\u00e9 du mat\u00e9riel m\u00e9dical et du traitement dans sa globalit\u00e9, notre \u00e9quipe technique est sans cesse form\u00e9e et chaque patient dispose d\u2019un technicien attitr\u00e9.<\/h4>\n<p>[\/vc_column_text][vc_column_text]<\/p>\n<h4 style=\"text-align: justify;\">Acteur majeur de l\u2019assistance respiratoire \u00e0 domicile, <span style=\"color: #448dce;\">InnoMed<\/span> permet chaque jour \u00e0 ses patients d\u2019\u00eatre satisfait du confort et de l\u2019efficacit\u00e9 de leur traitement.<\/h4>\n<p>[\/vc_column_text][\/vc_column][\/vc_row]<\/p>\n<\/div>","protected":false},"excerpt":{"rendered":"<p>[vc_row][vc_column][vc_images_carousel images=\u00a0\u00bb537,538,539&Prime; img_size=\u00a0\u00bbfull\u00a0\u00bb mode=\u00a0\u00bbvertical\u00a0\u00bb autoplay=\u00a0\u00bbyes\u00a0\u00bb hide_pagination_control=\u00a0\u00bbyes\u00a0\u00bb hide_prev_next_buttons=\u00a0\u00bbyes\u00a0\u00bb wrap=\u00a0\u00bbyes\u00a0\u00bb css=\u00a0\u00bb\u00a0\u00bb][vc_column_text] Bienvenue sur le site d&rsquo;InnoMed InnoMed est un prestataire de sant\u00e9 \u00e0 domicile, exer\u00e7ant son activit\u00e9 sur la France. Cr\u00e9\u00e9 en 2018, la soci\u00e9t\u00e9 InnoMed met en avant les derni\u00e8res innovations dans la prise en charge de l\u2019apn\u00e9e du sommeil et dans la prise en charge&#8230;<\/p>\n","protected":false},"author":1,"featured_media":0,"parent":0,"menu_order":0,"comment_status":"closed","ping_status":"closed","template":"","meta":{"footnotes":""},"class_list":["post-10","page","type-page","status-publish","hentry"],"_links":{"self":[{"href":"https:\/\/innomed-patient.com\/index.php\/wp-json\/wp\/v2\/pages\/10","targetHints":{"allow":["GET"]}}],"collection":[{"href":"https:\/\/innomed-patient.com\/index.php\/wp-json\/wp\/v2\/pages"}],"about":[{"href":"https:\/\/innomed-patient.com\/index.php\/wp-json\/wp\/v2\/types\/page"}],"author":[{"embeddable":true,"href":"https:\/\/innomed-patient.com\/index.php\/wp-json\/wp\/v2\/users\/1"}],"replies":[{"embeddable":true,"href":"https:\/\/innomed-patient.com\/index.php\/wp-json\/wp\/v2\/comments?post=10"}],"version-history":[{"count":11,"href":"https:\/\/innomed-patient.com\/index.php\/wp-json\/wp\/v2\/pages\/10\/revisions"}],"predecessor-version":[{"id":540,"href":"https:\/\/innomed-patient.com\/index.php\/wp-json\/wp\/v2\/pages\/10\/revisions\/540"}],"wp:attachment":[{"href":"https:\/\/innomed-patient.com\/index.php\/wp-json\/wp\/v2\/media?parent=10"}],"curies":[{"name":"wp","href":"https:\/\/api.w.org\/{rel}","templated":true}]}}